{"id":14631,"date":"2023-03-23T12:54:05","date_gmt":"2023-03-23T19:54:05","guid":{"rendered":"https:\/\/pescaabc.org\/?page_id=14631"},"modified":"2024-12-03T21:31:34","modified_gmt":"2024-12-04T04:31:34","slug":"ike-jime","status":"publish","type":"page","link":"https:\/\/pescaabc.org\/en\/ike-jime\/","title":{"rendered":"<strong>Ike-jime<\/strong>"},"content":{"rendered":"<div data-elementor-type=\"wp-page\" data-elementor-id=\"14631\" class=\"elementor elementor-14631\">\n\t\t\t\t\t\t\t\t\t<section class=\"elementor-section elementor-top-section elementor-element elementor-element-0d94aa1 elementor-section-boxed elementor-section-height-default elementor-section-height-default\" data-id=\"0d94aa1\" data-element_type=\"section\">\n\t\t\t\t\t\t<div class=\"elementor-container elementor-column-gap-default\">\n\t\t\t\t\t<div class=\"elementor-column elementor-col-100 elementor-top-column elementor-element elementor-element-9e6ce88\" data-id=\"9e6ce88\" data-element_type=\"column\">\n\t\t\t<div class=\"elementor-widget-wrap elementor-element-populated\">\n\t\t\t\t\t\t\t\t<div class=\"elementor-element elementor-element-6c41bdc elementor-widget elementor-widget-heading\" data-id=\"6c41bdc\" data-element_type=\"widget\" data-widget_type=\"heading.default\">\n\t\t\t\t<div class=\"elementor-widget-container\">\n\t\t\t<style>\/*! elementor - v3.8.1 - 13-11-2022 *\/\n.elementor-heading-title{padding:0;margin:0;line-height:1}.elementor-widget-heading .elementor-heading-title[class*=elementor-size-]>a{color:inherit;font-size:inherit;line-height:inherit}.elementor-widget-heading .elementor-heading-title.elementor-size-small{font-size:15px}.elementor-widget-heading .elementor-heading-title.elementor-size-medium{font-size:19px}.elementor-widget-heading .elementor-heading-title.elementor-size-large{font-size:29px}.elementor-widget-heading .elementor-heading-title.elementor-size-xl{font-size:39px}.elementor-widget-heading .elementor-heading-title.elementor-size-xxl{font-size:59px}<\/style><h3 class=\"elementor-heading-title elementor-size-default\">ABOUT IKE JIME<\/h3>\t\t<\/div>\n\t\t\t\t<\/div>\n\t\t\t\t<div class=\"elementor-element elementor-element-bef43d9 elementor-widget elementor-widget-spacer\" data-id=\"bef43d9\" data-element_type=\"widget\" data-widget_type=\"spacer.default\">\n\t\t\t\t<div class=\"elementor-widget-container\">\n\t\t\t<style>\/*! elementor - v3.8.1 - 13-11-2022 *\/\n.elementor-column .elementor-spacer-inner{height:var(--spacer-size)}.e-con{--container-widget-width:100%}.e-con-inner>.elementor-widget-spacer,.e-con>.elementor-widget-spacer{width:var(--container-widget-width,var(--spacer-size));-ms-flex-item-align:stretch;align-self:stretch;-ms-flex-negative:0;flex-shrink:0}.e-con-inner>.elementor-widget-spacer>.elementor-widget-container,.e-con-inner>.elementor-widget-spacer>.elementor-widget-container>.elementor-spacer,.e-con>.elementor-widget-spacer>.elementor-widget-container,.e-con>.elementor-widget-spacer>.elementor-widget-container>.elementor-spacer{height:100%}.e-con-inner>.elementor-widget-spacer>.elementor-widget-container>.elementor-spacer>.elementor-spacer-inner,.e-con>.elementor-widget-spacer>.elementor-widget-container>.elementor-spacer>.elementor-spacer-inner{height:var(--container-widget-height,var(--spacer-size))}<\/style>\t\t<div class=\"elementor-spacer\">\n\t\t\t<div class=\"elementor-spacer-inner\"><\/div>\n\t\t<\/div>\n\t\t\t\t<\/div>\n\t\t\t\t<\/div>\n\t\t\t\t<div class=\"elementor-element elementor-element-8188049 elementor-widget elementor-widget-text-editor\" data-id=\"8188049\" data-element_type=\"widget\" data-widget_type=\"text-editor.default\">\n\t\t\t\t<div class=\"elementor-widget-container\">\n\t\t\t<style>\/*! elementor - v3.8.1 - 13-11-2022 *\/\n.elementor-widget-text-editor.elementor-drop-cap-view-stacked .elementor-drop-cap{background-color:#818a91;color:#fff}.elementor-widget-text-editor.elementor-drop-cap-view-framed .elementor-drop-cap{color:#818a91;border:3px solid;background-color:transparent}.elementor-widget-text-editor:not(.elementor-drop-cap-view-default) .elementor-drop-cap{margin-top:8px}.elementor-widget-text-editor:not(.elementor-drop-cap-view-default) .elementor-drop-cap-letter{width:1em;height:1em}.elementor-widget-text-editor .elementor-drop-cap{float:left;text-align:center;line-height:1;font-size:50px}.elementor-widget-text-editor .elementor-drop-cap-letter{display:inline-block}<\/style>\t\t\t\t<p>Ike-jime is a fish slaughtering technique used in Japanese fishing for over a thousand years. It consists of fishing the fish with a hook (1), sticking a spike into the head to achieve instant death, preventing the fish from suffering (2), and then bleeding the fish through a cut in its gills (3).<\/p>\n<p>Finally, a sharp wire is inserted into the spinal cord through the caudal fin to bring down the nervous system, and the fish is chilled as quickly as possible to prevent bacterial growth (4). This process must be carried out by an experienced and skilled fisherman who knows the anatomy of the fish to avoid errors that harm the animal and alter the quality of its meat.<\/p>\t\t\t\t\t\t<\/div>\n\t\t\t\t<\/div>\n\t\t\t\t<div class=\"elementor-element elementor-element-609d1c7 elementor-widget elementor-widget-image\" data-id=\"609d1c7\" data-element_type=\"widget\" data-widget_type=\"image.default\">\n\t\t\t\t<div class=\"elementor-widget-container\">\n\t\t\t<style>\/*! elementor - v3.8.1 - 13-11-2022 *\/\n.elementor-widget-image{text-align:center}.elementor-widget-image a{display:inline-block}.elementor-widget-image a img[src$=\".svg\"]{width:48px}.elementor-widget-image img{vertical-align:middle;display:inline-block}<\/style>\t\t\t\t\t\t\t\t\t\t\t\t<img decoding=\"async\" width=\"1024\" height=\"528\" src=\"https:\/\/pescaabc.org\/wp-content\/uploads\/2024\/06\/Infografico-Ike-Jime-2024-1024x528.png\" class=\"attachment-large size-large\" alt=\"\" loading=\"lazy\" srcset=\"https:\/\/pescaabc.org\/wp-content\/uploads\/2024\/06\/Infografico-Ike-Jime-2024-1024x528.png 1024w, https:\/\/pescaabc.org\/wp-content\/uploads\/2024\/06\/Infografico-Ike-Jime-2024-300x155.png 300w, https:\/\/pescaabc.org\/wp-content\/uploads\/2024\/06\/Infografico-Ike-Jime-2024-768x396.png 768w, https:\/\/pescaabc.org\/wp-content\/uploads\/2024\/06\/Infografico-Ike-Jime-2024-1536x792.png 1536w, https:\/\/pescaabc.org\/wp-content\/uploads\/2024\/06\/Infografico-Ike-Jime-2024-2048x1056.png 2048w, https:\/\/pescaabc.org\/wp-content\/uploads\/2024\/06\/Infografico-Ike-Jime-2024-18x9.png 18w\" sizes=\"(max-width: 1024px) 100vw, 1024px\" \/>\t\t\t\t\t\t\t\t\t\t\t\t\t\t\t<\/div>\n\t\t\t\t<\/div>\n\t\t\t\t<div class=\"elementor-element elementor-element-1bae094 elementor-widget elementor-widget-spacer\" data-id=\"1bae094\" data-element_type=\"widget\" data-widget_type=\"spacer.default\">\n\t\t\t\t<div class=\"elementor-widget-container\">\n\t\t\t\t\t<div class=\"elementor-spacer\">\n\t\t\t<div class=\"elementor-spacer-inner\"><\/div>\n\t\t<\/div>\n\t\t\t\t<\/div>\n\t\t\t\t<\/div>\n\t\t\t\t<div class=\"elementor-element elementor-element-2147290 elementor-widget elementor-widget-heading\" data-id=\"2147290\" data-element_type=\"widget\" data-widget_type=\"heading.default\">\n\t\t\t\t<div class=\"elementor-widget-container\">\n\t\t\t<h3 class=\"elementor-heading-title elementor-size-default\">Why using Ike-Jime<\/h3>\t\t<\/div>\n\t\t\t\t<\/div>\n\t\t\t\t<div class=\"elementor-element elementor-element-21f8ec9 elementor-widget elementor-widget-spacer\" data-id=\"21f8ec9\" data-element_type=\"widget\" data-widget_type=\"spacer.default\">\n\t\t\t\t<div class=\"elementor-widget-container\">\n\t\t\t\t\t<div class=\"elementor-spacer\">\n\t\t\t<div class=\"elementor-spacer-inner\"><\/div>\n\t\t<\/div>\n\t\t\t\t<\/div>\n\t\t\t\t<\/div>\n\t\t\t\t<div class=\"elementor-element elementor-element-8ec82d4 elementor-widget elementor-widget-text-editor\" data-id=\"8ec82d4\" data-element_type=\"widget\" data-widget_type=\"text-editor.default\">\n\t\t\t\t<div class=\"elementor-widget-container\">\n\t\t\t\t\t\t\t<p>The main goal is to preserve the quality of the meat. When a fish suffers some hormones like\nadrenaline are produced, favoring the production of lactic acid that affects meat quality. Avoiding suffering help to have better quality and more shelf life.<\/p><p>Besides having a better quality, Ike-Jime\ntechnique shows more respect to the animals which are slaughter in a fast and painless manner.<\/p>\t\t\t\t\t\t<\/div>\n\t\t\t\t<\/div>\n\t\t\t\t<div class=\"elementor-element elementor-element-096f60f elementor-widget elementor-widget-spacer\" data-id=\"096f60f\" data-element_type=\"widget\" data-widget_type=\"spacer.default\">\n\t\t\t\t<div class=\"elementor-widget-container\">\n\t\t\t\t\t<div class=\"elementor-spacer\">\n\t\t\t<div class=\"elementor-spacer-inner\"><\/div>\n\t\t<\/div>\n\t\t\t\t<\/div>\n\t\t\t\t<\/div>\n\t\t\t\t<div class=\"elementor-element elementor-element-2e9f806 elementor-widget elementor-widget-heading\" data-id=\"2e9f806\" data-element_type=\"widget\" data-widget_type=\"heading.default\">\n\t\t\t\t<div class=\"elementor-widget-container\">\n\t\t\t<h3 class=\"elementor-heading-title elementor-size-default\">Contact Us<\/h3>\t\t<\/div>\n\t\t\t\t<\/div>\n\t\t\t\t<div class=\"elementor-element elementor-element-a82a29a elementor-widget elementor-widget-spacer\" data-id=\"a82a29a\" data-element_type=\"widget\" data-widget_type=\"spacer.default\">\n\t\t\t\t<div class=\"elementor-widget-container\">\n\t\t\t\t\t<div class=\"elementor-spacer\">\n\t\t\t<div class=\"elementor-spacer-inner\"><\/div>\n\t\t<\/div>\n\t\t\t\t<\/div>\n\t\t\t\t<\/div>\n\t\t\t\t<div class=\"elementor-element elementor-element-f9fc278 elementor-widget elementor-widget-text-editor\" data-id=\"f9fc278\" data-element_type=\"widget\" data-widget_type=\"text-editor.default\">\n\t\t\t\t<div class=\"elementor-widget-container\">\n\t\t\t\t\t\t\tFor buying sustainable, humanitarian, and high-quality products captured by fishers who\ncollaborate with Pesca ABC, please contact El Sargazo Seafood Company and ask for fish from San\nFelipe. Given the current volume we are not yet at the online catalogue of the company, but you\ncan ask for our products at their contact page:\t\t\t\t\t\t<\/div>\n\t\t\t\t<\/div>\n\t\t\t\t<div class=\"elementor-element elementor-element-dd40b36 elementor-align-center elementor-widget elementor-widget-button\" data-id=\"dd40b36\" data-element_type=\"widget\" data-widget_type=\"button.default\">\n\t\t\t\t<div class=\"elementor-widget-container\">\n\t\t\t\t\t<div class=\"elementor-button-wrapper\">\n\t\t\t<a href=\"https:\/\/sargazo.com\/contact-us\/\" target=\"_blank\" class=\"elementor-button-link elementor-button elementor-size-md\" role=\"button\" id=\"sargazo\">\n\t\t\t\t\t\t<span class=\"elementor-button-content-wrapper\">\n\t\t\t\t\t\t<span class=\"elementor-button-text\">El Sargazo<\/span>\n\t\t<\/span>\n\t\t\t\t\t<\/a>\n\t\t<\/div>\n\t\t\t\t<\/div>\n\t\t\t\t<\/div>\n\t\t\t\t<div class=\"elementor-element elementor-element-78f8c52 elementor-widget elementor-widget-spacer\" data-id=\"78f8c52\" data-element_type=\"widget\" data-widget_type=\"spacer.default\">\n\t\t\t\t<div class=\"elementor-widget-container\">\n\t\t\t\t\t<div class=\"elementor-spacer\">\n\t\t\t<div class=\"elementor-spacer-inner\"><\/div>\n\t\t<\/div>\n\t\t\t\t<\/div>\n\t\t\t\t<\/div>\n\t\t\t\t<div class=\"elementor-element elementor-element-4cbbd33 elementor-button-info elementor-align-center elementor-widget elementor-widget-button\" data-id=\"4cbbd33\" data-element_type=\"widget\" data-widget_type=\"button.default\">\n\t\t\t\t<div class=\"elementor-widget-container\">\n\t\t\t\t\t<div class=\"elementor-button-wrapper\">\n\t\t\t<a href=\"https:\/\/pescaabc.org\/en\/\" class=\"elementor-button-link elementor-button elementor-size-md\" role=\"button\">\n\t\t\t\t\t\t<span class=\"elementor-button-content-wrapper\">\n\t\t\t\t\t\t<span class=\"elementor-button-text\">HOME<\/span>\n\t\t<\/span>\n\t\t\t\t\t<\/a>\n\t\t<\/div>\n\t\t\t\t<\/div>\n\t\t\t\t<\/div>\n\t\t\t\t\t<\/div>\n\t\t<\/div>\n\t\t\t\t\t\t\t<\/div>\n\t\t<\/section>\n\t\t\t\t\t\t\t<\/div>","protected":false},"excerpt":{"rendered":"<p>\u00bfEn qu\u00e9 consiste la t\u00e9cnica Ike-jime? El Ike-jime es una t\u00e9cnica de sacrificio de pescados que se utiliza en la pesca japonesa desde hace m\u00e1s de mil a\u00f1os. Consiste en pescar al pez con anzuelo (1), clavar un punz\u00f3n en la cabeza para lograr la muerte instant\u00e1nea evitando el sufrimiento del pescado (2) y ocasionar [&hellip;]<\/p>","protected":false},"author":1,"featured_media":0,"parent":0,"menu_order":0,"comment_status":"closed","ping_status":"closed","template":"","meta":[],"acf":[],"_links":{"self":[{"href":"https:\/\/pescaabc.org\/en\/wp-json\/wp\/v2\/pages\/14631"}],"collection":[{"href":"https:\/\/pescaabc.org\/en\/wp-json\/wp\/v2\/pages"}],"about":[{"href":"https:\/\/pescaabc.org\/en\/wp-json\/wp\/v2\/types\/page"}],"author":[{"embeddable":true,"href":"https:\/\/pescaabc.org\/en\/wp-json\/wp\/v2\/users\/1"}],"replies":[{"embeddable":true,"href":"https:\/\/pescaabc.org\/en\/wp-json\/wp\/v2\/comments?post=14631"}],"version-history":[{"count":87,"href":"https:\/\/pescaabc.org\/en\/wp-json\/wp\/v2\/pages\/14631\/revisions"}],"predecessor-version":[{"id":16337,"href":"https:\/\/pescaabc.org\/en\/wp-json\/wp\/v2\/pages\/14631\/revisions\/16337"}],"wp:attachment":[{"href":"https:\/\/pescaabc.org\/en\/wp-json\/wp\/v2\/media?parent=14631"}],"curies":[{"name":"wp","href":"https:\/\/api.w.org\/{rel}","templated":true}]}}