{"id":7925,"date":"2020-12-30T06:12:16","date_gmt":"2020-12-30T06:12:16","guid":{"rendered":"http:\/\/localhost\/delivcate\/?page_id=7925"},"modified":"2020-12-30T06:12:16","modified_gmt":"2020-12-30T06:12:16","slug":"blog","status":"publish","type":"page","link":"https:\/\/pescaabc.org\/en\/blog\/","title":{"rendered":"Blog"},"content":{"rendered":"<div data-elementor-type=\"wp-page\" data-elementor-id=\"7925\" class=\"elementor elementor-7925\">\n\t\t\t\t\t\t\t\t\t<section class=\"elementor-section elementor-top-section elementor-element elementor-element-22d5528 elementor-section-boxed elementor-section-height-default elementor-section-height-default\" data-id=\"22d5528\" data-element_type=\"section\">\n\t\t\t\t\t\t<div class=\"elementor-container elementor-column-gap-default\">\n\t\t\t\t\t<div class=\"elementor-column elementor-col-100 elementor-top-column elementor-element elementor-element-fbad702\" data-id=\"fbad702\" data-element_type=\"column\">\n\t\t\t<div class=\"elementor-widget-wrap elementor-element-populated\">\n\t\t\t\t\t\t\t\t<section class=\"elementor-section elementor-inner-section elementor-element elementor-element-52abc51 elementor-section-boxed elementor-section-height-default elementor-section-height-default\" data-id=\"52abc51\" data-element_type=\"section\">\n\t\t\t\t\t\t<div class=\"elementor-container elementor-column-gap-default\">\n\t\t\t\t\t<div class=\"elementor-column elementor-col-50 elementor-inner-column elementor-element elementor-element-0250dd5\" data-id=\"0250dd5\" data-element_type=\"column\">\n\t\t\t<div class=\"elementor-widget-wrap elementor-element-populated\">\n\t\t\t\t\t\t\t\t<div class=\"elementor-element elementor-element-fdfc135 poket-star-rating--align-center elementor-widget elementor-widget-witr_section_title\" data-id=\"fdfc135\" data-element_type=\"widget\" data-widget_type=\"witr_section_title.default\">\n\t\t\t\t<div class=\"elementor-widget-container\">\n\t\t\t\t\t\t\t\t<!-- title left -->\n\t\t\t\t\t<div class=\"witr_section_title\">\n\t\t\t\t\t\t<div class=\"witr_section_title_inner text-left\">\n\t\t\t\t\t\t\n\t\t\t\t\t\t\t<!-- icon position -->\n\t\t\t\t\t\t\t\t\t\t\t\t\t\t\n\t\t\t\t\t\t\t<!-- image -->\n\t\t\t\t\t\t\t\t\t\t\t\t\t\t\t<div class=\"witr_image_title\">\t\t\t\t\t\t\t\t\n\t\t\t\t\t\t\t\t\t<img decoding=\"async\" src=\"\" alt=\"\"\/>\t\t\t\t\t\t\t\t\t\t\t\t\t\t\t\t\t\n\t\t\t\t\t\t\t\t<\/div>\n\t\t\t\t\t\t\t\t\t\t\t\t\t\t<!-- icon -->\n\t\t\t\t\t\t\t\t\t\t\t\t\t\t\n\t\t\t\t\t\t\t<!-- bar -->\n\t\t\t\t\t\t\t\t\t\t\t\t\t\t<!-- circle bar -->\n\t\t\t\t\t\t\t\t\t\t\t\t\t\t\n\t\t\t\t\t\t\t\t\n\t\t\t\t\t\t\t<!-- end icon position -->\n\t\t\t\t\t\t\n\t\t\t\t\t\t\n\t\t\t\t\t\t\t<!-- title top -->\n\t\t\t\t\t\t\t\n\t\t\t\t\t\t\t<!-- icon position -->\n\t\t\t\t\t\t\t\t\n\t\t\t\t\t\t\t<!-- end icon position -->\n\n\t\t\t\t\t\t\t\n\t\t\t\t\t\t\t<!-- title middle -->\n\t\t\t\t\t\t\t\t\t\t\t\t\t\t\t<h3>The Solutions blog Let's \n<\/h3>\t\t\n\t\t\t\t\t\t\t\t\t\t\t\t\t\t<!-- title bottom -->\n\t\t\t\t\t\t\t\t\t\t\t\t\t\t\t<h1>create the future we<\/h1>\t\t\n\t\t\t\t\t\t\t\t\t\t\t\t\t\t\n\t\t\t\t\t\t\t<!-- icon position -->\n\t\t\t\t\t\t\t\t\n\t\t\t\t\t\t\t<!-- end icon position -->\n\n\t\t\t\t\t\t\t<!-- content -->\n\t\t\t\t\t\t\t\t\t\t\t\t\t<\/div>\n\t\t\t\t\t\t\t<!-- inner title -->\n\t\t\t\t\t\t\t\t\t\t\t\t\t\n\t\t\t\t\t<\/div>\t\t\t\t\n\t\t\t\t\t\t<\/div>\n\t\t\t\t<\/div>\n\t\t\t\t\t<\/div>\n\t\t<\/div>\n\t\t\t\t<div class=\"elementor-column elementor-col-50 elementor-inner-column elementor-element elementor-element-435f157\" data-id=\"435f157\" data-element_type=\"column\">\n\t\t\t<div class=\"elementor-widget-wrap elementor-element-populated\">\n\t\t\t\t\t\t\t\t<div class=\"elementor-element elementor-element-f70ea49 poket-star-rating--align-center elementor-widget elementor-widget-witr_section_title\" data-id=\"f70ea49\" data-element_type=\"widget\" data-widget_type=\"witr_section_title.default\">\n\t\t\t\t<div class=\"elementor-widget-container\">\n\t\t\t\t\t\t\t\t<!-- title left -->\n\t\t\t\t\t<div class=\"witr_section_title\">\n\t\t\t\t\t\t<div class=\"witr_section_title_inner text-left\">\n\t\t\t\t\t\t\n\t\t\t\t\t\t\t<!-- icon position -->\n\t\t\t\t\t\t\t\t\n\t\t\t\t\t\t\t<!-- end icon position -->\n\t\t\t\t\t\t\n\t\t\t\t\t\t\n\t\t\t\t\t\t\t<!-- title top -->\n\t\t\t\t\t\t\t\n\t\t\t\t\t\t\t<!-- icon position -->\n\t\t\t\t\t\t\t\t\n\t\t\t\t\t\t\t<!-- end icon position -->\n\n\t\t\t\t\t\t\t\n\t\t\t\t\t\t\t<!-- title middle -->\n\t\t\t\t\t\t\t\t\t\t\t\t\t\t<!-- title bottom -->\n\t\t\t\t\t\t\t\t\t\t\t\t\t\t\n\t\t\t\t\t\t\t<!-- icon position -->\n\t\t\t\t\t\t\t\t\t\t\t\t\t\t\n\t\t\t\t\t\t\t<!-- image -->\n\t\t\t\t\t\t\t\t\t\t\t\t\t\t<!-- icon -->\n\t\t\t\t\t\t\t\t\t\t\t\t\t\t\n\t\t\t\t\t\t\t<!-- bar -->\n\t\t\t\t\t\t\t\t\t\t\t\t\t\t<!-- circle bar -->\n\t\t\t\t\t\t\t\t\t\t\t\t\t\t\n\t\t\t\t\t\t\t\t\n\t\t\t\t\t\t\t<!-- end icon position -->\n\n\t\t\t\t\t\t\t<!-- content -->\n\t\t\t\t\t\t\t\t\t\t\t\t\t\t\t<p>Lorem ipsum dolor sit amet, consectetur adipiscing elit, sed do eiusmod tempor \nincididunt ut labore et dolore magna aliqua. Ut enim ad minim veniam, quis nost\nrud exercitation ullamco laboris nisi ut aliquip <\/p>\t\t\n\t\t\t\t\t\t\t\t\t\t\t\t\t<\/div>\n\t\t\t\t\t\t\t<!-- inner title -->\n\t\t\t\t\t\t\t\t\t\t\t\t\t\n\t\t\t\t\t<\/div>\t\t\t\t\n\t\t\t\t\t\t<\/div>\n\t\t\t\t<\/div>\n\t\t\t\t\t<\/div>\n\t\t<\/div>\n\t\t\t\t\t\t\t<\/div>\n\t\t<\/section>\n\t\t\t\t<div class=\"elementor-element elementor-element-452819e elementor-widget elementor-widget-witr_blog_section\" data-id=\"452819e\" data-element_type=\"widget\" data-widget_type=\"witr_blog_section.default\">\n\t\t\t\t<div class=\"elementor-widget-container\">\n\t\t\t\t\t\t<!-- Blog Section -->\r\n\t\t\t<div class=\"witr_blog_area13\">\r\n\t\t\t\t<div class=\"blog_wrap blogcar_idblog1\">\r\n\t\t\t\t\t\t\t\t\t\t\r\n\t\t\t\t\t\t<div class=\"witr_all_mb_30   col-md-12 col-xs-12 col-sm-12\" >\r\n\t\t\t\t\t\t\t<div id=\"post-16564\" class=\"post-16564 post type-post status-publish format-standard has-post-thumbnail hentry category-investigacion category-sustentabilidad\">\r\n\t\t\t\t\t\t\t\t<div class=\"busi_singleBlog\">\r\n\t\t\t\t\t\t\t\t\t<!-- image -->\r\n\t\t\t\t\t\t\t\t\t\t\t\t\t\t\t\t\t\t<div class=\"witr_sb_thumb\">\r\n\t\t\t\t\t\t\t\t\t\t<a href=\"https:\/\/pescaabc.org\/en\/pulitzer-center\/\"> <img width=\"390\" height=\"350\" src=\"https:\/\/pescaabc.org\/wp-content\/uploads\/2026\/01\/Screenshot-2026-01-13-at-13.05.48-390x350.png\" class=\"attachment-poket-blog-default size-poket-blog-default wp-post-image\" alt=\"\" decoding=\"async\" loading=\"lazy\" \/> <\/a>\r\n\r\n\t\t\t\t\t\t\t\t\t\t\t\t\t\t\t\t\t\t\t\t\t<div class=\"witr_top_category\">\r\n\t\t\t\t\t\t\t\t\t\t\t\t<!-- category -->\r\n\t\t\t\t\t\t\t\t\t\t\t\t<span> <ul class=\"post-categories\">\n\t<li><a href=\"https:\/\/pescaabc.org\/en\/category\/investigacion\/\" rel=\"category tag\">Investigaci\u00f3n<\/a><\/li>\n\t<li><a href=\"https:\/\/pescaabc.org\/en\/category\/sustentabilidad\/\" rel=\"category tag\">Sustentabilidad<\/a><\/li><\/ul><\/span>\r\n\t\t\t\t\t\t\t\t\t\t\t<\/div>\r\n\t\t\t\t\t\t\t\t\t\t\t\r\n\t\t\t\t\t\t\t\t\t<\/div>\t\r\n\t\t\t\t\t\t\t\t\t\t\t\t\t\t\t\t\t\t<div class=\"all_blog_color\">\t\r\n\t\t\t\t\t\t\t\t\t\t<div class=\"witr_blog_con bs5\">\r\n\t\t\t\t\t\t\t\t\t\t\t<div class=\"witr_blog_meta_potion\">\r\n\t\t\t\t\t\t\t\t\t\t\t\t<!-- author -->\r\n\t\t\t\t\t\t\t\t\t\t\t\t\t\t\t\t\t\t\t\t\t\t\r\n\t\t\t\t\t\t\t\t\t\t\t\t<!--  post meta -->\r\n\t\t\t\t\t\t\t\t\t\t\t\t\t\t\t\t\t\t\t\t\t\t\t\t\t\t\t\t\t\t\t\t\t\t\t\t\t\t\t<span><a href=\"https:\/\/pescaabc.org\/en\/author\/admin\/\"><i class=\"icofont-user-alt-3\"><\/i> admin <\/a><\/span>\r\n\t\t\t\t\t\t\t\t\t\t\t\t\t\t\t\t\t\t\t\t\t\t\t\t\t\t\t\t\t\t\t\t\t\t\t\t\t\t\t\t\t\t\t\t\t\t\t\t\t\t\t\t\t\r\n\t\t\t\t\t\t\t\t\t\t\t\t\t\t\t\t\t\t\t\t\t\t\t\t\t\t\t\t\t\t\t\t\t\t\t\t\t\t\t\t\t\t\t\t\t\t\t\t\t\t\t\t<span><a href=\"#\"><i class=\"icofont-ui-clock\"><\/i><\/a> 13 Jan 2026<\/span>\r\n\t\t\t\t\t\t\t\t\t\t\t\t\t\t\t\t\t\t\t\t\t\t\t\t\t\t\t\t\t\t\t\t\t\t\t\t\t\t\t\t\r\n\t\t\t\t\t\t\t\t\t\t\t\t\t\t\t\t\t\t\t\t\t\t\t<\/div>\t\r\n\t\t\t\t\t\t\t\t\t\t\t<!-- title -->\r\n\t\t\t\t\t\t\t\t\t\t\t<h2><a href=\"https:\/\/pescaabc.org\/en\/pulitzer-center\/\">Pulitzer Center<\/a><\/h2>\r\n\t\t\t\t\t\t\t\t\t\t\t<!-- content -->\r\n\t\t\t\t\t\t\t\t\t\t\t\t\t\t\t\t\t\t\t\t\t\t\t<p>Pesca ABC fue mencionado en un art\u00edculo internacional sobre la crisis de la vaquita marina<\/p>\t\t\t\t\t\t\t\t\t\t\t\t\t\t\t\t\t\t\t\t\t\t\r\n\t\t\t\t\t\t\t\t\t\t\t\t\t\t\t\t\t\t\t\t\t\t\t<div class=\"learn_more_adn\">\r\n\t\t\t\t\t\t\t\t\t\t\t\t  <a class=\"learn_btn adnbtn2\" href=\"https:\/\/pescaabc.org\/en\/pulitzer-center\/\">Read More<\/a>\r\n\t\t\t\t\t\t\t\t\t\t\t\t<\/div>\r\n\t\t\t\t\t\t\t\t\t\t\t\t\t\t\t\t\t\t\t\t\t\r\n\t\t\t\t\t\t\t\t\t\t<\/div>\r\n\t\t\t\t\t\t\t\t\t<\/div>\r\n\t\t\t\t\t\t\t\t\t\r\n\t\t\t\t\t\t\t\t<\/div>\r\n\t\t\t\t\t\t\t<\/div>\r\n\t\t\t\t\t\t<\/div>\r\n\t\t\t\t\t\t\t\t\t\t\r\n\t\t\t\t\t\t<div class=\"witr_all_mb_30   col-md-12 col-xs-12 col-sm-12\" >\r\n\t\t\t\t\t\t\t<div id=\"post-16521\" class=\"post-16521 post type-post status-publish format-standard has-post-thumbnail hentry category-investigacion category-sustentabilidad\">\r\n\t\t\t\t\t\t\t\t<div class=\"busi_singleBlog\">\r\n\t\t\t\t\t\t\t\t\t<!-- image -->\r\n\t\t\t\t\t\t\t\t\t\t\t\t\t\t\t\t\t\t<div class=\"witr_sb_thumb\">\r\n\t\t\t\t\t\t\t\t\t\t<a href=\"https:\/\/pescaabc.org\/en\/todos-cicese\/\"> <img width=\"390\" height=\"350\" src=\"https:\/\/pescaabc.org\/wp-content\/uploads\/2025\/12\/12-390x350.jpg\" class=\"attachment-poket-blog-default size-poket-blog-default wp-post-image\" alt=\"\" decoding=\"async\" loading=\"lazy\" \/> <\/a>\r\n\r\n\t\t\t\t\t\t\t\t\t\t\t\t\t\t\t\t\t\t\t\t\t<div class=\"witr_top_category\">\r\n\t\t\t\t\t\t\t\t\t\t\t\t<!-- category -->\r\n\t\t\t\t\t\t\t\t\t\t\t\t<span> <ul class=\"post-categories\">\n\t<li><a href=\"https:\/\/pescaabc.org\/en\/category\/investigacion\/\" rel=\"category tag\">Investigaci\u00f3n<\/a><\/li>\n\t<li><a href=\"https:\/\/pescaabc.org\/en\/category\/sustentabilidad\/\" rel=\"category tag\">Sustentabilidad<\/a><\/li><\/ul><\/span>\r\n\t\t\t\t\t\t\t\t\t\t\t<\/div>\r\n\t\t\t\t\t\t\t\t\t\t\t\r\n\t\t\t\t\t\t\t\t\t<\/div>\t\r\n\t\t\t\t\t\t\t\t\t\t\t\t\t\t\t\t\t\t<div class=\"all_blog_color\">\t\r\n\t\t\t\t\t\t\t\t\t\t<div class=\"witr_blog_con bs5\">\r\n\t\t\t\t\t\t\t\t\t\t\t<div class=\"witr_blog_meta_potion\">\r\n\t\t\t\t\t\t\t\t\t\t\t\t<!-- author -->\r\n\t\t\t\t\t\t\t\t\t\t\t\t\t\t\t\t\t\t\t\t\t\t\r\n\t\t\t\t\t\t\t\t\t\t\t\t<!--  post meta -->\r\n\t\t\t\t\t\t\t\t\t\t\t\t\t\t\t\t\t\t\t\t\t\t\t\t\t\t\t\t\t\t\t\t\t\t\t\t\t\t\t<span><a href=\"https:\/\/pescaabc.org\/en\/author\/admin\/\"><i class=\"icofont-user-alt-3\"><\/i> admin <\/a><\/span>\r\n\t\t\t\t\t\t\t\t\t\t\t\t\t\t\t\t\t\t\t\t\t\t\t\t\t\t\t\t\t\t\t\t\t\t\t\t\t\t\t\t\t\t\t\t\t\t\t\t\t\t\t\t\t\r\n\t\t\t\t\t\t\t\t\t\t\t\t\t\t\t\t\t\t\t\t\t\t\t\t\t\t\t\t\t\t\t\t\t\t\t\t\t\t\t\t\t\t\t\t\t\t\t\t\t\t\t\t<span><a href=\"#\"><i class=\"icofont-ui-clock\"><\/i><\/a> 08 Dec 2025<\/span>\r\n\t\t\t\t\t\t\t\t\t\t\t\t\t\t\t\t\t\t\t\t\t\t\t\t\t\t\t\t\t\t\t\t\t\t\t\t\t\t\t\t\r\n\t\t\t\t\t\t\t\t\t\t\t\t\t\t\t\t\t\t\t\t\t\t\t<\/div>\t\r\n\t\t\t\t\t\t\t\t\t\t\t<!-- title -->\r\n\t\t\t\t\t\t\t\t\t\t\t<h2><a href=\"https:\/\/pescaabc.org\/en\/todos-cicese\/\">Todos @CICESE<\/a><\/h2>\r\n\t\t\t\t\t\t\t\t\t\t\t<!-- content -->\r\n\t\t\t\t\t\t\t\t\t\t\t\t\t\t\t\t\t\t\t\t\t\t\t<p>Hacen alianza CICESE y Pesca ABC para desarrollar investigaci\u00f3n en el Alto Golfo de California.<\/p>\t\t\t\t\t\t\t\t\t\t\t\t\t\t\t\t\t\t\t\t\t\t\r\n\t\t\t\t\t\t\t\t\t\t\t\t\t\t\t\t\t\t\t\t\t\t\t<div class=\"learn_more_adn\">\r\n\t\t\t\t\t\t\t\t\t\t\t\t  <a class=\"learn_btn adnbtn2\" href=\"https:\/\/pescaabc.org\/en\/todos-cicese\/\">Read More<\/a>\r\n\t\t\t\t\t\t\t\t\t\t\t\t<\/div>\r\n\t\t\t\t\t\t\t\t\t\t\t\t\t\t\t\t\t\t\t\t\t\r\n\t\t\t\t\t\t\t\t\t\t<\/div>\r\n\t\t\t\t\t\t\t\t\t<\/div>\r\n\t\t\t\t\t\t\t\t\t\r\n\t\t\t\t\t\t\t\t<\/div>\r\n\t\t\t\t\t\t\t<\/div>\r\n\t\t\t\t\t\t<\/div>\r\n\t\t\t\t\t\t\t\t\t\t\r\n\t\t\t\t\t\t<div class=\"witr_all_mb_30   col-md-12 col-xs-12 col-sm-12\" >\r\n\t\t\t\t\t\t\t<div id=\"post-16339\" class=\"post-16339 post type-post status-publish format-standard has-post-thumbnail hentry category-investigacion category-sustentabilidad\">\r\n\t\t\t\t\t\t\t\t<div class=\"busi_singleBlog\">\r\n\t\t\t\t\t\t\t\t\t<!-- image -->\r\n\t\t\t\t\t\t\t\t\t\t\t\t\t\t\t\t\t\t<div class=\"witr_sb_thumb\">\r\n\t\t\t\t\t\t\t\t\t\t<a href=\"https:\/\/pescaabc.org\/en\/n\/\"> <img width=\"390\" height=\"350\" src=\"https:\/\/pescaabc.org\/wp-content\/uploads\/2024\/12\/Screenshot-2024-12-30-at-12.41.58-390x350.png\" class=\"attachment-poket-blog-default size-poket-blog-default wp-post-image\" alt=\"\" decoding=\"async\" loading=\"lazy\" \/> <\/a>\r\n\r\n\t\t\t\t\t\t\t\t\t\t\t\t\t\t\t\t\t\t\t\t\t<div class=\"witr_top_category\">\r\n\t\t\t\t\t\t\t\t\t\t\t\t<!-- category -->\r\n\t\t\t\t\t\t\t\t\t\t\t\t<span> <ul class=\"post-categories\">\n\t<li><a href=\"https:\/\/pescaabc.org\/en\/category\/investigacion\/\" rel=\"category tag\">Investigaci\u00f3n<\/a><\/li>\n\t<li><a href=\"https:\/\/pescaabc.org\/en\/category\/sustentabilidad\/\" rel=\"category tag\">Sustentabilidad<\/a><\/li><\/ul><\/span>\r\n\t\t\t\t\t\t\t\t\t\t\t<\/div>\r\n\t\t\t\t\t\t\t\t\t\t\t\r\n\t\t\t\t\t\t\t\t\t<\/div>\t\r\n\t\t\t\t\t\t\t\t\t\t\t\t\t\t\t\t\t\t<div class=\"all_blog_color\">\t\r\n\t\t\t\t\t\t\t\t\t\t<div class=\"witr_blog_con bs5\">\r\n\t\t\t\t\t\t\t\t\t\t\t<div class=\"witr_blog_meta_potion\">\r\n\t\t\t\t\t\t\t\t\t\t\t\t<!-- author -->\r\n\t\t\t\t\t\t\t\t\t\t\t\t\t\t\t\t\t\t\t\t\t\t\r\n\t\t\t\t\t\t\t\t\t\t\t\t<!--  post meta -->\r\n\t\t\t\t\t\t\t\t\t\t\t\t\t\t\t\t\t\t\t\t\t\t\t\t\t\t\t\t\t\t\t\t\t\t\t\t\t\t\t<span><a href=\"https:\/\/pescaabc.org\/en\/author\/admin\/\"><i class=\"icofont-user-alt-3\"><\/i> admin <\/a><\/span>\r\n\t\t\t\t\t\t\t\t\t\t\t\t\t\t\t\t\t\t\t\t\t\t\t\t\t\t\t\t\t\t\t\t\t\t\t\t\t\t\t\t\t\t\t\t\t\t\t\t\t\t\t\t\t\r\n\t\t\t\t\t\t\t\t\t\t\t\t\t\t\t\t\t\t\t\t\t\t\t\t\t\t\t\t\t\t\t\t\t\t\t\t\t\t\t\t\t\t\t\t\t\t\t\t\t\t\t\t<span><a href=\"#\"><i class=\"icofont-ui-clock\"><\/i><\/a> 30 Dec 2024<\/span>\r\n\t\t\t\t\t\t\t\t\t\t\t\t\t\t\t\t\t\t\t\t\t\t\t\t\t\t\t\t\t\t\t\t\t\t\t\t\t\t\t\t\r\n\t\t\t\t\t\t\t\t\t\t\t\t\t\t\t\t\t\t\t\t\t\t\t<\/div>\t\r\n\t\t\t\t\t\t\t\t\t\t\t<!-- title -->\r\n\t\t\t\t\t\t\t\t\t\t\t<h2><a href=\"https:\/\/pescaabc.org\/en\/n\/\">N+<\/a><\/h2>\r\n\t\t\t\t\t\t\t\t\t\t\t<!-- content -->\r\n\t\t\t\t\t\t\t\t\t\t\t\t\t\t\t\t\t\t\t\t\t\t\t<p>N+ publica el reportaje \"Especial del A\u00f1o: La Dif\u00edcil Tarea de Vigilar y Proteger a<\/p>\t\t\t\t\t\t\t\t\t\t\t\t\t\t\t\t\t\t\t\t\t\t\r\n\t\t\t\t\t\t\t\t\t\t\t\t\t\t\t\t\t\t\t\t\t\t\t<div class=\"learn_more_adn\">\r\n\t\t\t\t\t\t\t\t\t\t\t\t  <a class=\"learn_btn adnbtn2\" href=\"https:\/\/pescaabc.org\/en\/n\/\">Read More<\/a>\r\n\t\t\t\t\t\t\t\t\t\t\t\t<\/div>\r\n\t\t\t\t\t\t\t\t\t\t\t\t\t\t\t\t\t\t\t\t\t\r\n\t\t\t\t\t\t\t\t\t\t<\/div>\r\n\t\t\t\t\t\t\t\t\t<\/div>\r\n\t\t\t\t\t\t\t\t\t\r\n\t\t\t\t\t\t\t\t<\/div>\r\n\t\t\t\t\t\t\t<\/div>\r\n\t\t\t\t\t\t<\/div>\r\n\t\t\t\t\t\t\t\t\t\t\r\n\t\t\t\t\t\t<div class=\"witr_all_mb_30   col-md-12 col-xs-12 col-sm-12\" >\r\n\t\t\t\t\t\t\t<div id=\"post-16287\" class=\"post-16287 post type-post status-publish format-standard has-post-thumbnail hentry category-pesca\">\r\n\t\t\t\t\t\t\t\t<div class=\"busi_singleBlog\">\r\n\t\t\t\t\t\t\t\t\t<!-- image -->\r\n\t\t\t\t\t\t\t\t\t\t\t\t\t\t\t\t\t\t<div class=\"witr_sb_thumb\">\r\n\t\t\t\t\t\t\t\t\t\t<a href=\"https:\/\/pescaabc.org\/en\/tribuna-de-san-luis-2\/\"> <img width=\"390\" height=\"350\" src=\"https:\/\/pescaabc.org\/wp-content\/uploads\/2024\/10\/Screenshot-2024-10-28-at-12.37.49-390x350.png\" class=\"attachment-poket-blog-default size-poket-blog-default wp-post-image\" alt=\"\" decoding=\"async\" loading=\"lazy\" \/> <\/a>\r\n\r\n\t\t\t\t\t\t\t\t\t\t\t\t\t\t\t\t\t\t\t\t\t<div class=\"witr_top_category\">\r\n\t\t\t\t\t\t\t\t\t\t\t\t<!-- category -->\r\n\t\t\t\t\t\t\t\t\t\t\t\t<span> <ul class=\"post-categories\">\n\t<li><a href=\"https:\/\/pescaabc.org\/en\/category\/pesca\/\" rel=\"category tag\">Fishing<\/a><\/li><\/ul><\/span>\r\n\t\t\t\t\t\t\t\t\t\t\t<\/div>\r\n\t\t\t\t\t\t\t\t\t\t\t\r\n\t\t\t\t\t\t\t\t\t<\/div>\t\r\n\t\t\t\t\t\t\t\t\t\t\t\t\t\t\t\t\t\t<div class=\"all_blog_color\">\t\r\n\t\t\t\t\t\t\t\t\t\t<div class=\"witr_blog_con bs5\">\r\n\t\t\t\t\t\t\t\t\t\t\t<div class=\"witr_blog_meta_potion\">\r\n\t\t\t\t\t\t\t\t\t\t\t\t<!-- author -->\r\n\t\t\t\t\t\t\t\t\t\t\t\t\t\t\t\t\t\t\t\t\t\t\r\n\t\t\t\t\t\t\t\t\t\t\t\t<!--  post meta -->\r\n\t\t\t\t\t\t\t\t\t\t\t\t\t\t\t\t\t\t\t\t\t\t\t\t\t\t\t\t\t\t\t\t\t\t\t\t\t\t\t<span><a href=\"https:\/\/pescaabc.org\/en\/author\/admin\/\"><i class=\"icofont-user-alt-3\"><\/i> admin <\/a><\/span>\r\n\t\t\t\t\t\t\t\t\t\t\t\t\t\t\t\t\t\t\t\t\t\t\t\t\t\t\t\t\t\t\t\t\t\t\t\t\t\t\t\t\t\t\t\t\t\t\t\t\t\t\t\t\t\r\n\t\t\t\t\t\t\t\t\t\t\t\t\t\t\t\t\t\t\t\t\t\t\t\t\t\t\t\t\t\t\t\t\t\t\t\t\t\t\t\t\t\t\t\t\t\t\t\t\t\t\t\t<span><a href=\"#\"><i class=\"icofont-ui-clock\"><\/i><\/a> 28 Oct 2024<\/span>\r\n\t\t\t\t\t\t\t\t\t\t\t\t\t\t\t\t\t\t\t\t\t\t\t\t\t\t\t\t\t\t\t\t\t\t\t\t\t\t\t\t\r\n\t\t\t\t\t\t\t\t\t\t\t\t\t\t\t\t\t\t\t\t\t\t\t<\/div>\t\r\n\t\t\t\t\t\t\t\t\t\t\t<!-- title -->\r\n\t\t\t\t\t\t\t\t\t\t\t<h2><a href=\"https:\/\/pescaabc.org\/en\/tribuna-de-san-luis-2\/\">Espacio Profundo<\/a><\/h2>\r\n\t\t\t\t\t\t\t\t\t\t\t<!-- content -->\r\n\t\t\t\t\t\t\t\t\t\t\t\t\t\t\t\t\t\t\t\t\t\t\t<p>Espacio Profundo, revista l\u00edder en actividades de buceo en Am\u00e9rica Latina, public\u00f3 un art\u00edculo sobre<\/p>\t\t\t\t\t\t\t\t\t\t\t\t\t\t\t\t\t\t\t\t\t\t\r\n\t\t\t\t\t\t\t\t\t\t\t\t\t\t\t\t\t\t\t\t\t\t\t<div class=\"learn_more_adn\">\r\n\t\t\t\t\t\t\t\t\t\t\t\t  <a class=\"learn_btn adnbtn2\" href=\"https:\/\/pescaabc.org\/en\/tribuna-de-san-luis-2\/\">Read More<\/a>\r\n\t\t\t\t\t\t\t\t\t\t\t\t<\/div>\r\n\t\t\t\t\t\t\t\t\t\t\t\t\t\t\t\t\t\t\t\t\t\r\n\t\t\t\t\t\t\t\t\t\t<\/div>\r\n\t\t\t\t\t\t\t\t\t<\/div>\r\n\t\t\t\t\t\t\t\t\t\r\n\t\t\t\t\t\t\t\t<\/div>\r\n\t\t\t\t\t\t\t<\/div>\r\n\t\t\t\t\t\t<\/div>\r\n\t\t\t\t\t\t\r\n\t\t\t\t\t\t\t\t\t\t\t\r\n\t\t\t\t<\/div>\r\n\t\t\t<\/div>\r\n\t\t\t<!-- Blog Section -->\t\t\t\t\t\t\t\t\t\t\t\t\r\n\t\t<script type='text\/javascript'>\r\n\t\t\tjQuery(function($){\t\t\t\t\r\n\t\t\t\tvar witrbslick = $('.blogcar_idblog1');\t\t\t\t\r\n\t\t\t\tif(witrbslick.length > 0){\r\n\t\t\t\twitrbslick.slick({\r\n\t\t\t\t\tinfinite: true,\r\n\t\t\t\t\tautoplay: true,\r\n\t\t\t\t\tautoplaySpeed: 3000,\r\n\t\t\t\t\tspeed: 1000,\t\t\t\t\t\r\n\t\t\t\t\tslidesToShow: 3,\r\n\t\t\t\t\tslidesToScroll: 1,\r\n\t\t\t\t\t\t\t\t\t\tarrows: true,\r\n\t\t\t\t\tdots: false,\r\n\t\t\t\t\tresponsive: [\r\n\t\t\t\t\t\t{\r\n\t\t\t\t\t\t\tbreakpoint: 1200,\r\n\t\t\t\t\t\t\tsettings: {\r\n\t\t\t\t\t\t\t\tslidesToShow: 3,\r\n\t\t\t\t\t\t\t\tslidesToScroll: 1,\r\n\t\t\t\t\t\t\t}\r\n\t\t\t\t\t},\r\n\t\t\t\t\t\t{\r\n\t\t\t\t\t\t\tbreakpoint: 992,\r\n\t\t\t\t\t\t\tsettings: {\r\n\t\t\t\t\t\t\t\tslidesToShow: 2,\r\n\t\t\t\t\t\t\t\tslidesToScroll: 1,\r\n\t\t\t\t\t\t\t}\r\n\t\t\t\t\t},\r\n\t\t\t\t\t\t{\r\n\t\t\t\t\t\t\tbreakpoint: 767,\r\n\t\t\t\t\t\t\tsettings: {\r\n\t\t\t\t\t\t\t\tslidesToShow: 1,\r\n\t\t\t\t\t\t\t\tslidesToScroll: 1,\r\n\t\t\t\t\t\t\t}\r\n\t\t\t\t\t}\r\n\t\t\t\t\t]\r\n\t\t\t\t});\r\n\t\t\t}\r\n\r\n\t\t\t});\r\n\t\t<\/script>\t\t\t<\/div>\n\t\t\t\t<\/div>\n\t\t\t\t\t<\/div>\n\t\t<\/div>\n\t\t\t\t\t\t\t<\/div>\n\t\t<\/section>\n\t\t\t\t\t\t\t<\/div>","protected":false},"excerpt":{"rendered":"<p>The Solutions blog Let&#8217;s create the future we Lorem ipsum dolor sit amet, consectetur adipiscing elit, sed do eiusmod tempor incididunt ut labore et dolore magna aliqua. Ut enim ad minim veniam, quis nost rud exercitation ullamco laboris nisi ut aliquip CONSTRUCTION sunlight 13 Apr 2021 Why Manufacturers Are Turning to Supply Chain Exercitation photo [&hellip;]<\/p>","protected":false},"author":1,"featured_media":0,"parent":0,"menu_order":0,"comment_status":"closed","ping_status":"closed","template":"template-home.php","meta":[],"acf":[],"_links":{"self":[{"href":"https:\/\/pescaabc.org\/en\/wp-json\/wp\/v2\/pages\/7925"}],"collection":[{"href":"https:\/\/pescaabc.org\/en\/wp-json\/wp\/v2\/pages"}],"about":[{"href":"https:\/\/pescaabc.org\/en\/wp-json\/wp\/v2\/types\/page"}],"author":[{"embeddable":true,"href":"https:\/\/pescaabc.org\/en\/wp-json\/wp\/v2\/users\/1"}],"replies":[{"embeddable":true,"href":"https:\/\/pescaabc.org\/en\/wp-json\/wp\/v2\/comments?post=7925"}],"version-history":[{"count":0,"href":"https:\/\/pescaabc.org\/en\/wp-json\/wp\/v2\/pages\/7925\/revisions"}],"wp:attachment":[{"href":"https:\/\/pescaabc.org\/en\/wp-json\/wp\/v2\/media?parent=7925"}],"curies":[{"name":"wp","href":"https:\/\/api.w.org\/{rel}","templated":true}]}}